{"id":5803,"date":"2025-11-16T13:00:26","date_gmt":"2025-11-16T13:00:26","guid":{"rendered":"https:\/\/www.travelwithtime.pl\/travel-map-%f0%9f%8c%8d\/"},"modified":"2026-04-04T17:17:23","modified_gmt":"2026-04-04T17:17:23","slug":"travel-map-%f0%9f%8c%8d","status":"publish","type":"page","link":"https:\/\/www.travelwithtime.pl\/en\/travel-map-%f0%9f%8c%8d\/","title":{"rendered":"Travel map \ud83c\udf0d"},"content":{"rendered":"\n<p class=\"has-text-align-center has-black-color has-text-color has-link-color wp-elements-5a2d50b3e13b09c0acd4f21b1ba13b38\"><strong>The Travel with Time map <\/strong>is a record of our <strong>intentionally planned journeys<\/strong> \u2014 road trips, treks, via ferratas, and travel <strong>close to nature <\/strong>\ud83c\udf0d<\/p>\n\n<p class=\"has-text-align-center has-black-color has-text-color has-link-color wp-elements-0d34b4f721810acf224315d4d35c01e9\">We don\u2019t set off blindly. We choose <strong>our routes thoughtfully<\/strong>, check maps, elevations, conditions, and access \u2014 and then let the <strong>landscape do its thing<\/strong> \u2728<\/p>\n\n<p class=\"has-text-align-center has-black-color has-text-color has-link-color wp-elements-e819e344a5fde148889da15c834a64f9\">Here you\u2019ll find <strong>all our journeys <\/strong>\u2014 from <strong>the national parks of the USA<\/strong>, through canyons, deserts, and via ferratas, to <strong>European mountains, glaciers, and islands.<\/strong><br\/>Each destination is a <strong>separate story<\/strong>, a specific route, and places that are truly worth <strong>coming back to<\/strong> \u2764\ufe0f<\/p>\n\n<hr class=\"wp-block-separator has-alpha-channel-opacity\"\/>\n\n<h2 id=\"our-journeys-usa-europe-and-nature-driven-adventures-%f0%9f%8d%83\" class=\"wp-block-heading has-text-align-center has-black-color has-text-color has-link-color wp-elements-9d541dc08963be6ac64ccd8c955380bb\">Our journeys \u2014 USA, Europe, and nature-driven adventures \ud83c\udf43 <\/h2>\n\n<p class=\"has-text-align-center has-black-color has-text-color has-link-color wp-elements-e8208c7c08d83d13838eade16e83a33a\"><strong>We don\u2019t travel to tick things off. We travel to feel.<\/strong><br\/>Plans are there <strong>to be broken<\/strong>, and maps \u2014 <strong>to be drifted off <\/strong>\ud83e\udded<br\/>If there wasn\u2019t dust, sweat, or at least one moment of \u201care we doing this right?\u201d \u2014<strong> it probably was too safe \ud83d\ude0f<\/strong><\/p>\n<div class=\"cnvs-block-featured-categories cnvs-block-featured-categories-1774709289552 cnvs-block-featured-categories-layout-tiles\" >\t<div class=\"pk-featured-categories pk-featured-categories-tiles\">\n\t\t\t\t\t<div class=\"pk-featured-item\">\n\t\t\t\t\n\t\t\t\t<div class=\"pk-featured-content\">\n\t\t\t\t\t<div class=\"pk-featured-inner\">\n\t\t\t\t\t\t<div class=\"pk-featured-name\">\n\t\t\t\t\t\t\tSicily\t\t\t\t\t\t<\/div>\n\n\t\t\t\t\t\t\t\t\t\t\t\t\t<div class=\"pk-featured-count\">\n\t\t\t\t\t\t\t\t<span class=\"pk-featured-number\">3<\/span>\n\t\t\t\t\t\t\t\t<span class=\"pk-featured-label\"> Posts<\/span>\n\t\t\t\t\t\t\t<\/div>\n\t\t\t\t\t\t\t\t\t\t\t<\/div>\n\t\t\t\t<\/div>\n\n\t\t\t\t<a class=\"pk-featured-link\" href=\"https:\/\/www.travelwithtime.pl\/en\/category\/sicily\/\">\n\t\t\t\t\t<span>View Posts<\/span>\n\t\t\t\t<\/a>\n\t\t\t<\/div>\n\t\t\t\t\t\t<div class=\"pk-featured-item\">\n\t\t\t\t\n\t\t\t\t<div class=\"pk-featured-content\">\n\t\t\t\t\t<div class=\"pk-featured-inner\">\n\t\t\t\t\t\t<div class=\"pk-featured-name\">\n\t\t\t\t\t\t\t\ud83c\udde8\ud83c\udded Switzerland\t\t\t\t\t\t<\/div>\n\n\t\t\t\t\t\t\t\t\t\t\t\t\t<div class=\"pk-featured-count\">\n\t\t\t\t\t\t\t\t<span class=\"pk-featured-number\">2<\/span>\n\t\t\t\t\t\t\t\t<span class=\"pk-featured-label\"> Posts<\/span>\n\t\t\t\t\t\t\t<\/div>\n\t\t\t\t\t\t\t\t\t\t\t<\/div>\n\t\t\t\t<\/div>\n\n\t\t\t\t<a class=\"pk-featured-link\" href=\"https:\/\/www.travelwithtime.pl\/en\/category\/switzerland\/\">\n\t\t\t\t\t<span>View Posts<\/span>\n\t\t\t\t<\/a>\n\t\t\t<\/div>\n\t\t\t\t\t\t<div class=\"pk-featured-item\">\n\t\t\t\t\n\t\t\t\t<div class=\"pk-featured-content\">\n\t\t\t\t\t<div class=\"pk-featured-inner\">\n\t\t\t\t\t\t<div class=\"pk-featured-name\">\n\t\t\t\t\t\t\t\ud83c\uddea\ud83c\uddec Egypt\t\t\t\t\t\t<\/div>\n\n\t\t\t\t\t\t\t\t\t\t\t\t\t<div class=\"pk-featured-count\">\n\t\t\t\t\t\t\t\t<span class=\"pk-featured-number\">2<\/span>\n\t\t\t\t\t\t\t\t<span class=\"pk-featured-label\"> Posts<\/span>\n\t\t\t\t\t\t\t<\/div>\n\t\t\t\t\t\t\t\t\t\t\t<\/div>\n\t\t\t\t<\/div>\n\n\t\t\t\t<a class=\"pk-featured-link\" href=\"https:\/\/www.travelwithtime.pl\/en\/category\/egypt\/\">\n\t\t\t\t\t<span>View Posts<\/span>\n\t\t\t\t<\/a>\n\t\t\t<\/div>\n\t\t\t\t\t\t<div class=\"pk-featured-item\">\n\t\t\t\t\n\t\t\t\t<div class=\"pk-featured-content\">\n\t\t\t\t\t<div class=\"pk-featured-inner\">\n\t\t\t\t\t\t<div class=\"pk-featured-name\">\n\t\t\t\t\t\t\t\ud83c\uddec\ud83c\uddea Georgia\t\t\t\t\t\t<\/div>\n\n\t\t\t\t\t\t\t\t\t\t\t\t\t<div class=\"pk-featured-count\">\n\t\t\t\t\t\t\t\t<span class=\"pk-featured-number\">2<\/span>\n\t\t\t\t\t\t\t\t<span class=\"pk-featured-label\"> Posts<\/span>\n\t\t\t\t\t\t\t<\/div>\n\t\t\t\t\t\t\t\t\t\t\t<\/div>\n\t\t\t\t<\/div>\n\n\t\t\t\t<a class=\"pk-featured-link\" href=\"https:\/\/www.travelwithtime.pl\/en\/category\/%f0%9f%87%ac%f0%9f%87%aa-georgia\/\">\n\t\t\t\t\t<span>View Posts<\/span>\n\t\t\t\t<\/a>\n\t\t\t<\/div>\n\t\t\t\t\t\t<div class=\"pk-featured-item\">\n\t\t\t\t\n\t\t\t\t<div class=\"pk-featured-content\">\n\t\t\t\t\t<div class=\"pk-featured-inner\">\n\t\t\t\t\t\t<div class=\"pk-featured-name\">\n\t\t\t\t\t\t\t\ud83c\uddee\ud83c\uddf8 Iceland \u2013 travel plan and costs\t\t\t\t\t\t<\/div>\n\n\t\t\t\t\t\t\t\t\t\t\t\t\t<div class=\"pk-featured-count\">\n\t\t\t\t\t\t\t\t<span class=\"pk-featured-number\">1<\/span>\n\t\t\t\t\t\t\t\t<span class=\"pk-featured-label\"> Posts<\/span>\n\t\t\t\t\t\t\t<\/div>\n\t\t\t\t\t\t\t\t\t\t\t<\/div>\n\t\t\t\t<\/div>\n\n\t\t\t\t<a class=\"pk-featured-link\" href=\"https:\/\/www.travelwithtime.pl\/en\/category\/%f0%9f%87%ae%f0%9f%87%b8-iceland-travel-plan-and-costs\/\">\n\t\t\t\t\t<span>View Posts<\/span>\n\t\t\t\t<\/a>\n\t\t\t<\/div>\n\t\t\t\t\t\t<div class=\"pk-featured-item\">\n\t\t\t\t\n\t\t\t\t<div class=\"pk-featured-content\">\n\t\t\t\t\t<div class=\"pk-featured-inner\">\n\t\t\t\t\t\t<div class=\"pk-featured-name\">\n\t\t\t\t\t\t\t\ud83c\uddf3\ud83c\uddf4 Norway\t\t\t\t\t\t<\/div>\n\n\t\t\t\t\t\t\t\t\t\t\t\t\t<div class=\"pk-featured-count\">\n\t\t\t\t\t\t\t\t<span class=\"pk-featured-number\">3<\/span>\n\t\t\t\t\t\t\t\t<span class=\"pk-featured-label\"> Posts<\/span>\n\t\t\t\t\t\t\t<\/div>\n\t\t\t\t\t\t\t\t\t\t\t<\/div>\n\t\t\t\t<\/div>\n\n\t\t\t\t<a class=\"pk-featured-link\" href=\"https:\/\/www.travelwithtime.pl\/en\/category\/%f0%9f%87%b3%f0%9f%87%b4-norway\/\">\n\t\t\t\t\t<span>View Posts<\/span>\n\t\t\t\t<\/a>\n\t\t\t<\/div>\n\t\t\t\t\t\t<div class=\"pk-featured-item\">\n\t\t\t\t\n\t\t\t\t<div class=\"pk-featured-content\">\n\t\t\t\t\t<div class=\"pk-featured-inner\">\n\t\t\t\t\t\t<div class=\"pk-featured-name\">\n\t\t\t\t\t\t\t\ud83c\uddfa\ud83c\uddf8 Road Trip USA 2025\t\t\t\t\t\t<\/div>\n\n\t\t\t\t\t\t\t\t\t\t\t\t\t<div class=\"pk-featured-count\">\n\t\t\t\t\t\t\t\t<span class=\"pk-featured-number\">19<\/span>\n\t\t\t\t\t\t\t\t<span class=\"pk-featured-label\"> Posts<\/span>\n\t\t\t\t\t\t\t<\/div>\n\t\t\t\t\t\t\t\t\t\t\t<\/div>\n\t\t\t\t<\/div>\n\n\t\t\t\t<a class=\"pk-featured-link\" href=\"https:\/\/www.travelwithtime.pl\/en\/category\/%f0%9f%87%ba%f0%9f%87%b8-road-trip-usa-2025\/\">\n\t\t\t\t\t<span>View Posts<\/span>\n\t\t\t\t<\/a>\n\t\t\t<\/div>\n\t\t\t\t<\/div>\n\t<\/div>\n<hr class=\"wp-block-separator has-alpha-channel-opacity\"\/>\n\n<hr class=\"wp-block-separator has-alpha-channel-opacity\"\/>\n\n<hr class=\"wp-block-separator has-alpha-channel-opacity\"\/>\n","protected":false},"excerpt":{"rendered":"<p>The Travel with Time map is a record of our intentionally planned journeys \u2014 road trips, treks, via ferratas, and travel close to nature \ud83c\udf0d We don\u2019t set off blindly.&hellip;<\/p>\n","protected":false},"author":1,"featured_media":0,"parent":0,"menu_order":0,"comment_status":"closed","ping_status":"closed","template":"","meta":{"footnotes":""},"class_list":["post-5803","page","type-page","status-publish"],"yoast_head":"<!-- This site is optimized with the Yoast SEO plugin v27.4 - https:\/\/yoast.com\/product\/yoast-seo-wordpress\/ -->\n<title>Travel map \u2013 USA, Europe, Asia and Travel with Time adventures<\/title>\n<meta name=\"description\" content=\"Travel with Time map \u2014 planned journeys across the USA, Europe, and Asia. Road trips, national parks, canyons, mountains, and nature without rush.\" \/>\n<meta name=\"robots\" content=\"index, follow, max-snippet:-1, max-image-preview:large, max-video-preview:-1\" \/>\n<link rel=\"canonical\" href=\"https:\/\/www.travelwithtime.pl\/en\/travel-map-%f0%9f%8c%8d\/\" \/>\n<meta property=\"og:locale\" content=\"en_US\" \/>\n<meta property=\"og:type\" content=\"article\" \/>\n<meta property=\"og:title\" content=\"Travel map \u2013 USA, Europe, Asia and Travel with Time adventures\" \/>\n<meta property=\"og:description\" content=\"Travel with Time map \u2014 planned journeys across the USA, Europe, and Asia. Road trips, national parks, canyons, mountains, and nature without rush.\" \/>\n<meta property=\"og:url\" content=\"https:\/\/www.travelwithtime.pl\/en\/travel-map-%f0%9f%8c%8d\/\" \/>\n<meta property=\"og:site_name\" content=\"Travel with Time\" \/>\n<meta property=\"article:modified_time\" content=\"2026-04-04T17:17:23+00:00\" \/>\n<meta name=\"twitter:card\" content=\"summary_large_image\" \/>\n<meta name=\"twitter:label1\" content=\"Est. reading time\" \/>\n\t<meta name=\"twitter:data1\" content=\"1 minute\" \/>\n<script type=\"application\/ld+json\" class=\"yoast-schema-graph\">{\"@context\":\"https:\\\/\\\/schema.org\",\"@graph\":[{\"@type\":\"WebPage\",\"@id\":\"https:\\\/\\\/www.travelwithtime.pl\\\/en\\\/travel-map-%f0%9f%8c%8d\\\/\",\"url\":\"https:\\\/\\\/www.travelwithtime.pl\\\/en\\\/travel-map-%f0%9f%8c%8d\\\/\",\"name\":\"Travel map \u2013 USA, Europe, Asia and Travel with Time adventures\",\"isPartOf\":{\"@id\":\"https:\\\/\\\/www.travelwithtime.pl\\\/en\\\/#website\"},\"datePublished\":\"2025-11-16T13:00:26+00:00\",\"dateModified\":\"2026-04-04T17:17:23+00:00\",\"description\":\"Travel with Time map \u2014 planned journeys across the USA, Europe, and Asia. Road trips, national parks, canyons, mountains, and nature without rush.\",\"breadcrumb\":{\"@id\":\"https:\\\/\\\/www.travelwithtime.pl\\\/en\\\/travel-map-%f0%9f%8c%8d\\\/#breadcrumb\"},\"inLanguage\":\"en-US\",\"potentialAction\":[{\"@type\":\"ReadAction\",\"target\":[\"https:\\\/\\\/www.travelwithtime.pl\\\/en\\\/travel-map-%f0%9f%8c%8d\\\/\"]}]},{\"@type\":\"BreadcrumbList\",\"@id\":\"https:\\\/\\\/www.travelwithtime.pl\\\/en\\\/travel-map-%f0%9f%8c%8d\\\/#breadcrumb\",\"itemListElement\":[{\"@type\":\"ListItem\",\"position\":1,\"name\":\"Strona g\u0142\u00f3wna\",\"item\":\"https:\\\/\\\/www.travelwithtime.pl\\\/en\\\/\"},{\"@type\":\"ListItem\",\"position\":2,\"name\":\"Travel map \ud83c\udf0d\"}]},{\"@type\":\"WebSite\",\"@id\":\"https:\\\/\\\/www.travelwithtime.pl\\\/en\\\/#website\",\"url\":\"https:\\\/\\\/www.travelwithtime.pl\\\/en\\\/\",\"name\":\"Travel with Time \ud83c\udf0d\",\"description\":\"Podr\u00f3\u017ce, kt\u00f3re zostaj\u0105 na zawsze\",\"publisher\":{\"@id\":\"https:\\\/\\\/www.travelwithtime.pl\\\/en\\\/#\\\/schema\\\/person\\\/a55e72b569ed4632d9a395e213bd8bbd\"},\"potentialAction\":[{\"@type\":\"SearchAction\",\"target\":{\"@type\":\"EntryPoint\",\"urlTemplate\":\"https:\\\/\\\/www.travelwithtime.pl\\\/en\\\/?s={search_term_string}\"},\"query-input\":{\"@type\":\"PropertyValueSpecification\",\"valueRequired\":true,\"valueName\":\"search_term_string\"}}],\"inLanguage\":\"en-US\"},{\"@type\":[\"Person\",\"Organization\"],\"@id\":\"https:\\\/\\\/www.travelwithtime.pl\\\/en\\\/#\\\/schema\\\/person\\\/a55e72b569ed4632d9a395e213bd8bbd\",\"name\":\"Ela | Travel with Time\",\"image\":{\"@type\":\"ImageObject\",\"inLanguage\":\"en-US\",\"@id\":\"https:\\\/\\\/www.travelwithtime.pl\\\/wp-content\\\/uploads\\\/2025\\\/09\\\/IMG_6653-scaled.jpeg\",\"url\":\"https:\\\/\\\/www.travelwithtime.pl\\\/wp-content\\\/uploads\\\/2025\\\/09\\\/IMG_6653-scaled.jpeg\",\"contentUrl\":\"https:\\\/\\\/www.travelwithtime.pl\\\/wp-content\\\/uploads\\\/2025\\\/09\\\/IMG_6653-scaled.jpeg\",\"width\":2560,\"height\":1920,\"caption\":\"Ela | Travel with Time\"},\"logo\":{\"@id\":\"https:\\\/\\\/www.travelwithtime.pl\\\/wp-content\\\/uploads\\\/2025\\\/09\\\/IMG_6653-scaled.jpeg\"},\"description\":\"\u2728 Zamiast siedzie\u0107 w miejscu \u2013 wsiadam w kampera, samolot albo na szlak i ruszam przed siebie \ud83d\ude90\ud83c\udf0e Uwielbiam odkrywa\u0107 miejsca, w kt\u00f3rych natura gra pierwsze skrzypce \u2013 od pusty\u0144 Utah po lodowce Norwegii \u2744\ufe0f Kocham \u0142apa\u0107 przygody i opowiada\u0107 je tak, \u017ceby\u015b te\u017c mia\u0142 ochot\u0119 spakowa\u0107 plecak i ruszy\u0107 ze mn\u0105! \ud83c\udf92\ud83c\udf0e\ud83c\udf0f\ud83c\udf0d\",\"sameAs\":[\"https:\\\/\\\/travelwithtime.pl\",\"https:\\\/\\\/instagram.com\\\/travelwithtime.pl\"]}]}<\/script>\n<!-- \/ Yoast SEO plugin. -->","yoast_head_json":{"title":"Travel map \u2013 USA, Europe, Asia and Travel with Time adventures","description":"Travel with Time map \u2014 planned journeys across the USA, Europe, and Asia. Road trips, national parks, canyons, mountains, and nature without rush.","robots":{"index":"index","follow":"follow","max-snippet":"max-snippet:-1","max-image-preview":"max-image-preview:large","max-video-preview":"max-video-preview:-1"},"canonical":"https:\/\/www.travelwithtime.pl\/en\/travel-map-%f0%9f%8c%8d\/","og_locale":"en_US","og_type":"article","og_title":"Travel map \u2013 USA, Europe, Asia and Travel with Time adventures","og_description":"Travel with Time map \u2014 planned journeys across the USA, Europe, and Asia. Road trips, national parks, canyons, mountains, and nature without rush.","og_url":"https:\/\/www.travelwithtime.pl\/en\/travel-map-%f0%9f%8c%8d\/","og_site_name":"Travel with Time","article_modified_time":"2026-04-04T17:17:23+00:00","twitter_card":"summary_large_image","twitter_misc":{"Est. reading time":"1 minute"},"schema":{"@context":"https:\/\/schema.org","@graph":[{"@type":"WebPage","@id":"https:\/\/www.travelwithtime.pl\/en\/travel-map-%f0%9f%8c%8d\/","url":"https:\/\/www.travelwithtime.pl\/en\/travel-map-%f0%9f%8c%8d\/","name":"Travel map \u2013 USA, Europe, Asia and Travel with Time adventures","isPartOf":{"@id":"https:\/\/www.travelwithtime.pl\/en\/#website"},"datePublished":"2025-11-16T13:00:26+00:00","dateModified":"2026-04-04T17:17:23+00:00","description":"Travel with Time map \u2014 planned journeys across the USA, Europe, and Asia. Road trips, national parks, canyons, mountains, and nature without rush.","breadcrumb":{"@id":"https:\/\/www.travelwithtime.pl\/en\/travel-map-%f0%9f%8c%8d\/#breadcrumb"},"inLanguage":"en-US","potentialAction":[{"@type":"ReadAction","target":["https:\/\/www.travelwithtime.pl\/en\/travel-map-%f0%9f%8c%8d\/"]}]},{"@type":"BreadcrumbList","@id":"https:\/\/www.travelwithtime.pl\/en\/travel-map-%f0%9f%8c%8d\/#breadcrumb","itemListElement":[{"@type":"ListItem","position":1,"name":"Strona g\u0142\u00f3wna","item":"https:\/\/www.travelwithtime.pl\/en\/"},{"@type":"ListItem","position":2,"name":"Travel map \ud83c\udf0d"}]},{"@type":"WebSite","@id":"https:\/\/www.travelwithtime.pl\/en\/#website","url":"https:\/\/www.travelwithtime.pl\/en\/","name":"Travel with Time \ud83c\udf0d","description":"Podr\u00f3\u017ce, kt\u00f3re zostaj\u0105 na zawsze","publisher":{"@id":"https:\/\/www.travelwithtime.pl\/en\/#\/schema\/person\/a55e72b569ed4632d9a395e213bd8bbd"},"potentialAction":[{"@type":"SearchAction","target":{"@type":"EntryPoint","urlTemplate":"https:\/\/www.travelwithtime.pl\/en\/?s={search_term_string}"},"query-input":{"@type":"PropertyValueSpecification","valueRequired":true,"valueName":"search_term_string"}}],"inLanguage":"en-US"},{"@type":["Person","Organization"],"@id":"https:\/\/www.travelwithtime.pl\/en\/#\/schema\/person\/a55e72b569ed4632d9a395e213bd8bbd","name":"Ela | Travel with Time","image":{"@type":"ImageObject","inLanguage":"en-US","@id":"https:\/\/www.travelwithtime.pl\/wp-content\/uploads\/2025\/09\/IMG_6653-scaled.jpeg","url":"https:\/\/www.travelwithtime.pl\/wp-content\/uploads\/2025\/09\/IMG_6653-scaled.jpeg","contentUrl":"https:\/\/www.travelwithtime.pl\/wp-content\/uploads\/2025\/09\/IMG_6653-scaled.jpeg","width":2560,"height":1920,"caption":"Ela | Travel with Time"},"logo":{"@id":"https:\/\/www.travelwithtime.pl\/wp-content\/uploads\/2025\/09\/IMG_6653-scaled.jpeg"},"description":"\u2728 Zamiast siedzie\u0107 w miejscu \u2013 wsiadam w kampera, samolot albo na szlak i ruszam przed siebie \ud83d\ude90\ud83c\udf0e Uwielbiam odkrywa\u0107 miejsca, w kt\u00f3rych natura gra pierwsze skrzypce \u2013 od pusty\u0144 Utah po lodowce Norwegii \u2744\ufe0f Kocham \u0142apa\u0107 przygody i opowiada\u0107 je tak, \u017ceby\u015b te\u017c mia\u0142 ochot\u0119 spakowa\u0107 plecak i ruszy\u0107 ze mn\u0105! \ud83c\udf92\ud83c\udf0e\ud83c\udf0f\ud83c\udf0d","sameAs":["https:\/\/travelwithtime.pl","https:\/\/instagram.com\/travelwithtime.pl"]}]}},"_links":{"self":[{"href":"https:\/\/www.travelwithtime.pl\/en\/wp-json\/wp\/v2\/pages\/5803","targetHints":{"allow":["GET"]}}],"collection":[{"href":"https:\/\/www.travelwithtime.pl\/en\/wp-json\/wp\/v2\/pages"}],"about":[{"href":"https:\/\/www.travelwithtime.pl\/en\/wp-json\/wp\/v2\/types\/page"}],"author":[{"embeddable":true,"href":"https:\/\/www.travelwithtime.pl\/en\/wp-json\/wp\/v2\/users\/1"}],"replies":[{"embeddable":true,"href":"https:\/\/www.travelwithtime.pl\/en\/wp-json\/wp\/v2\/comments?post=5803"}],"version-history":[{"count":1,"href":"https:\/\/www.travelwithtime.pl\/en\/wp-json\/wp\/v2\/pages\/5803\/revisions"}],"predecessor-version":[{"id":5804,"href":"https:\/\/www.travelwithtime.pl\/en\/wp-json\/wp\/v2\/pages\/5803\/revisions\/5804"}],"wp:attachment":[{"href":"https:\/\/www.travelwithtime.pl\/en\/wp-json\/wp\/v2\/media?parent=5803"}],"curies":[{"name":"wp","href":"https:\/\/api.w.org\/{rel}","templated":true}]}}